{"id":41,"date":"2014-03-15T15:00:53","date_gmt":"2014-03-15T13:00:53","guid":{"rendered":"https:\/\/www.auf.radiocorax.de\/?page_id=41"},"modified":"2018-05-14T16:28:30","modified_gmt":"2018-05-14T15:28:30","slug":"presse","status":"publish","type":"page","link":"https:\/\/www.auf.radiocorax.de\/?page_id=41","title":{"rendered":"Presse"},"content":{"rendered":"<p><a href=\"https:\/\/www.auf.radiocorax.de\/?attachment_id=4084\" rel=\"attachment wp-att-4084\"><img loading=\"lazy\" decoding=\"async\" class=\"alignleft wp-image-4084 size-thumbnail colorbox-41\" src=\"https:\/\/www.auf.radiocorax.de\/wp-content\/uploads\/2018\/05\/Halles-_Irrl\u00e4ufer_-k\u00f6nnten-bundesweite-Vorreiter-werden-St\u00e4dtische-Zeitung_pages_deleted-pdf-image-150x150.jpg\" alt=\"\" width=\"150\" height=\"150\" srcset=\"https:\/\/www.auf.radiocorax.de\/wp-content\/uploads\/2018\/05\/Halles-_Irrl\u00e4ufer_-k\u00f6nnten-bundesweite-Vorreiter-werden-St\u00e4dtische-Zeitung_pages_deleted-pdf-image-150x150.jpg 150w, https:\/\/www.auf.radiocorax.de\/wp-content\/uploads\/2018\/05\/Halles-_Irrl\u00e4ufer_-k\u00f6nnten-bundesweite-Vorreiter-werden-St\u00e4dtische-Zeitung_pages_deleted-pdf-image-70x70.jpg 70w\" sizes=\"(max-width: 150px) 100vw, 150px\" \/><\/a><strong>02. Mai 2018 - St\u00e4dtische Zeitung: <\/strong>Bundesarbeits- und Sozialminister Hubertus Heil besuchte am 1.5.2018 die Paul-Riebeck-Stiftung in Halle und ist so auf das Projekt rAus:Leben aufmerksam geworden. Heil kann sich vorstellen, dass aus rAus:Leben ein bundesweites Musterprojekt werden k\u00f6nnte. <span class=\"\">Laut\u00a0<\/span><a class=\"\" href=\"https:\/\/staedtische-zeitung.de\/2018\/05\/bundesminister-in-halle-corax-projekt-mit-riebeck-stiftung-als-bundesweites-muster\/\" target=\"_blank\" rel=\"noopener\">St\u00e4dtischer Zeitung<\/a><span class=\"\">\u00a0will Heil seinen Beauftragten f\u00fcr Teilhabe-Themen damit beauftragen, das Radio Projekt genauer kennenzulernen.<\/span><\/p>\n<p>&nbsp;<\/p>\n<p>&nbsp;<\/p>\n<p><strong><a href=\"https:\/\/www.auf.radiocorax.de\/wp-content\/uploads\/2017\/04\/Page0001.pdf\"><img loading=\"lazy\" decoding=\"async\" class=\"alignleft wp-image-3323 size-thumbnail colorbox-41\" src=\"https:\/\/www.auf.radiocorax.de\/wp-content\/uploads\/2017\/04\/Page0001-pdf-image-e1491934624755-150x150.jpg\" width=\"150\" height=\"150\" srcset=\"https:\/\/www.auf.radiocorax.de\/wp-content\/uploads\/2017\/04\/Page0001-pdf-image-e1491934624755-150x150.jpg 150w, https:\/\/www.auf.radiocorax.de\/wp-content\/uploads\/2017\/04\/Page0001-pdf-image-e1491934624755-70x70.jpg 70w\" sizes=\"(max-width: 150px) 100vw, 150px\" \/><\/a>11. April 2017 - MZ <\/strong>Artikel \u00fcber den Besuch der \"Irrl\u00e4ufer\" im Diakoniekrankenhaus Halle, die dort Interviews f\u00fcr ihre n\u00e4chste Sendung gef\u00fchrt haben<\/p>\n<p>&nbsp;<\/p>\n<p>&nbsp;<\/p>\n<p>&nbsp;<\/p>\n<p>&nbsp;<\/p>\n<p><a href=\"https:\/\/issuu.com\/corax\/docs\/corax_jun15_web\"><img loading=\"lazy\" decoding=\"async\" class=\"alignleft wp-image-1910 size-thumbnail colorbox-41\" src=\"https:\/\/www.auf.radiocorax.de\/wp-content\/uploads\/2015\/06\/CORAX_Jun15_web-pdf-image-150x150.jpg\" alt=\"CORAX_Jun15_web-thumbnail\" width=\"150\" height=\"150\" \/><\/a><strong>Juni 2015 <\/strong>- die Programmzeitung von Radio Corax wird diesen Monat dem Projekt gewidmet<\/p>\n<p>&nbsp;<\/p>\n<p>&nbsp;<\/p>\n<p>&nbsp;<\/p>\n<p>&nbsp;<\/p>\n<p><a href=\"https:\/\/www.auf.radiocorax.de\/wp-content\/uploads\/2015\/05\/MZ_2015_05_12.pdf\" target=\"_blank\" rel=\"noopener\"><img loading=\"lazy\" decoding=\"async\" class=\"alignleft wp-image-1885 size-thumbnail colorbox-41\" src=\"https:\/\/www.auf.radiocorax.de\/wp-content\/uploads\/2015\/05\/MZ_2015_05_12-pdf-image-150x150.jpg\" alt=\"MZ_2015_05_12-thumbnail\" width=\"150\" height=\"150\" srcset=\"https:\/\/www.auf.radiocorax.de\/wp-content\/uploads\/2015\/05\/MZ_2015_05_12-pdf-image-150x150.jpg 150w, https:\/\/www.auf.radiocorax.de\/wp-content\/uploads\/2015\/05\/MZ_2015_05_12-pdf-image-70x70.jpg 70w\" sizes=\"(max-width: 150px) 100vw, 150px\" \/><\/a><strong>12. Mai 2015<\/strong> <strong>- MZ <\/strong>Artikel zur Auszeichnung des rAus:Leben Projektes mit dem Sonderpreis des 'Mosaik' Inklusionspreises <strong><br \/>\n<\/strong><\/p>\n<p>&nbsp;<\/p>\n<p>&nbsp;<\/p>\n<p>&nbsp;<\/p>\n<p>&nbsp;<\/p>\n<p><a href=\"https:\/\/www.auf.radiocorax.de\/wp-content\/uploads\/2015\/05\/CX-2015-04.pdf\" target=\"_blank\" rel=\"noopener\"><img loading=\"lazy\" decoding=\"async\" class=\"alignleft wp-image-1889 size-thumbnail colorbox-41\" src=\"https:\/\/www.auf.radiocorax.de\/wp-content\/uploads\/2015\/05\/CX-2015-04-pdf-image-150x150.jpg\" alt=\"CX-2015-04-thumbnail\" width=\"150\" height=\"150\" srcset=\"https:\/\/www.auf.radiocorax.de\/wp-content\/uploads\/2015\/05\/CX-2015-04-pdf-image-150x150.jpg 150w, https:\/\/www.auf.radiocorax.de\/wp-content\/uploads\/2015\/05\/CX-2015-04-pdf-image-70x70.jpg 70w\" sizes=\"(max-width: 150px) 100vw, 150px\" \/><\/a><strong>April 2015<\/strong> - F\u00fcr die Rubrik \"Hingeh\u00f6rt\" im Corax Programmheft hat jemand die Sendungen gelauscht<\/p>\n<p>&nbsp;<\/p>\n<p>&nbsp;<\/p>\n<p>&nbsp;<\/p>\n<p>&nbsp;<\/p>\n<p><strong><a href=\"https:\/\/www.auf.radiocorax.de\/wp-content\/uploads\/2015\/05\/MSA_Einblicke_01-2015_.pdf\" target=\"_blank\" rel=\"noopener\"><img loading=\"lazy\" decoding=\"async\" class=\"alignleft wp-image-1897 size-thumbnail colorbox-41\" src=\"https:\/\/www.auf.radiocorax.de\/wp-content\/uploads\/2015\/05\/MSA_Einblicke_01-2015_-pdf-image-150x150.jpg\" alt=\"MSA_Einblicke_01-2015_-thumbnail\" width=\"150\" height=\"150\" srcset=\"https:\/\/www.auf.radiocorax.de\/wp-content\/uploads\/2015\/05\/MSA_Einblicke_01-2015_-pdf-image-150x150.jpg 150w, https:\/\/www.auf.radiocorax.de\/wp-content\/uploads\/2015\/05\/MSA_Einblicke_01-2015_-pdf-image-70x70.jpg 70w\" sizes=\"(max-width: 150px) 100vw, 150px\" \/><\/a>M\u00e4rz 2015<\/strong> - Das quartalsweise erscheinende Magazin \"Einblicke\" der MSA\u00a0 besch\u00e4ftigt sich in der ersten Ausgabe dieses Jahres mit dem Thema Inklusion in den Medien und hat daf\u00fcr eine der vier Radiogruppen einen Nachmittag lang begleitet.<\/p>\n<p>&nbsp;<\/p>\n<p>&nbsp;<\/p>\n<p><strong><a href=\"https:\/\/www.auf.radiocorax.de\/wp-content\/uploads\/2015\/05\/CX-2014-12.pdf\" target=\"_blank\" rel=\"noopener\"><img loading=\"lazy\" decoding=\"async\" class=\"alignleft wp-image-1887 size-thumbnail colorbox-41\" src=\"https:\/\/www.auf.radiocorax.de\/wp-content\/uploads\/2015\/05\/CX-2014-12-pdf-image-150x150.jpg\" alt=\"CX-2014-12-thumbnail\" width=\"150\" height=\"150\" srcset=\"https:\/\/www.auf.radiocorax.de\/wp-content\/uploads\/2015\/05\/CX-2014-12-pdf-image-150x150.jpg 150w, https:\/\/www.auf.radiocorax.de\/wp-content\/uploads\/2015\/05\/CX-2014-12-pdf-image-70x70.jpg 70w\" sizes=\"(max-width: 150px) 100vw, 150px\" \/><\/a>Dezember 2014<\/strong> - im Programmheft von Radio Corax zum Jahreswechsel 2014\/15 wird das Projekt rAus:Leben vorgestellt<\/p>\n<p>&nbsp;<\/p>\n<p>&nbsp;<\/p>\n<p>&nbsp;<\/p>\n<p>&nbsp;<\/p>\n<p><strong><a href=\"https:\/\/www.auf.radiocorax.de\/wp-content\/uploads\/2015\/05\/PRS-2014_11.pdf\" target=\"_blank\" rel=\"noopener\"><img loading=\"lazy\" decoding=\"async\" class=\"alignleft wp-image-1891 size-thumbnail colorbox-41\" src=\"https:\/\/www.auf.radiocorax.de\/wp-content\/uploads\/2015\/05\/PRS-2014_11-pdf-image-150x150.jpg\" alt=\"PRS-2014_11-thumbnail\" width=\"150\" height=\"150\" srcset=\"https:\/\/www.auf.radiocorax.de\/wp-content\/uploads\/2015\/05\/PRS-2014_11-pdf-image-150x150.jpg 150w, https:\/\/www.auf.radiocorax.de\/wp-content\/uploads\/2015\/05\/PRS-2014_11-pdf-image-70x70.jpg 70w\" sizes=\"(max-width: 150px) 100vw, 150px\" \/><\/a>November 2014<\/strong> - Vorstellung des Radioprojektes in \"ZEIT ZUM LESEN\" , dem Magazin der Paul-Riebeck-Stiftung<\/p>\n<p>&nbsp;<\/p>\n","protected":false},"excerpt":{"rendered":"<p>02. Mai 2018 &#8211; St\u00e4dtische Zeitung: Bundesarbeits- und Sozialminister Hubertus Heil besuchte am 1.5.2018 die Paul-Riebeck-Stiftung in Halle und ist so auf das Projekt rAus:Leben aufmerksam geworden. Heil kann sich vorstellen, dass aus rAus:Leben ein bundesweites Musterprojekt werden k\u00f6nnte. Laut\u00a0St\u00e4dtischer Zeitung\u00a0will Heil seinen Beauftragten f\u00fcr Teilhabe-Themen damit beauftragen, das Radio Projekt genauer kennenzulernen. &nbsp; &nbsp; [&hellip;]<\/p>\n","protected":false},"author":1,"featured_media":0,"parent":0,"menu_order":0,"comment_status":"open","ping_status":"open","template":"","meta":{"footnotes":""},"_links":{"self":[{"href":"https:\/\/www.auf.radiocorax.de\/index.php?rest_route=\/wp\/v2\/pages\/41"}],"collection":[{"href":"https:\/\/www.auf.radiocorax.de\/index.php?rest_route=\/wp\/v2\/pages"}],"about":[{"href":"https:\/\/www.auf.radiocorax.de\/index.php?rest_route=\/wp\/v2\/types\/page"}],"author":[{"embeddable":true,"href":"https:\/\/www.auf.radiocorax.de\/index.php?rest_route=\/wp\/v2\/users\/1"}],"replies":[{"embeddable":true,"href":"https:\/\/www.auf.radiocorax.de\/index.php?rest_route=%2Fwp%2Fv2%2Fcomments&post=41"}],"version-history":[{"count":26,"href":"https:\/\/www.auf.radiocorax.de\/index.php?rest_route=\/wp\/v2\/pages\/41\/revisions"}],"predecessor-version":[{"id":4086,"href":"https:\/\/www.auf.radiocorax.de\/index.php?rest_route=\/wp\/v2\/pages\/41\/revisions\/4086"}],"wp:attachment":[{"href":"https:\/\/www.auf.radiocorax.de\/index.php?rest_route=%2Fwp%2Fv2%2Fmedia&parent=41"}],"curies":[{"name":"wp","href":"https:\/\/api.w.org\/{rel}","templated":true}]}}